{"id":1828,"date":"2025-09-10T10:34:31","date_gmt":"2025-09-10T08:34:31","guid":{"rendered":"https:\/\/olicentar.rs\/?post_type=product&#038;p=1828"},"modified":"2026-03-05T17:18:49","modified_gmt":"2026-03-05T16:18:49","slug":"razvoj-bazicnih-emocionalnih-kompetencija-u-oli-ipp","status":"publish","type":"product","link":"https:\/\/olicentar.rs\/sr\/\u043f\u0440\u043e\u0438\u0437\u0432\u043e\u0434\/razvoj-bazicnih-emocionalnih-kompetencija-u-oli-ipp\/","title":{"rendered":"Razvoj bazi\u010dnih emocionalnih kompetencija u OLI IPP"},"content":{"rendered":"<p data-start=\"36\" data-end=\"739\">Ova knjiga je sa\u017eeta prezentacija na\u010dina na koji se primenjuje OLI integrativna psihodinamska psihoterapija. Autor nam pokazuje kako mehanizmi odbrane nisu krajnji domet ljudskog razvoja u suo\u010davanju sa \u017eivotnim te\u0161ko\u0107ama, jer su svi mehanizmi odbrane zapravo vidovi iskrivljavanja realnosti, i kako oni mogu da evoluiraju u zrele emocionalne kompetencije koje ne iskrivljuju stvarnost u suo\u010davanju sa \u017eivotnim izazovima. On nas vodi kroz proces prepoznavanja \u201esekundarnih dobit\u00ed\u201c koje klijenti imaju od svojih simptoma, takozvanih \u201ekontra-ve\u0161tina\u201c, koje klijenti koriste da bi odr\u017eali svoju neurozu umesto da se suo\u010de sa bolom razvoja i steknu kompetencije za zrelo suo\u010davanje sa \u017eivotnim izazovima.<\/p>\n<p data-start=\"741\" data-end=\"804\">Osam osnovnih emocionalnih kompetencija opisanih u knjizi su:<\/p>\n<ul data-start=\"806\" data-end=\"1135\">\n<li data-start=\"806\" data-end=\"844\">\n<p data-start=\"808\" data-end=\"844\">\u201eCelovitost objekta \u2013 lepak psihe\u201c<\/p>\n<\/li>\n<li data-start=\"845\" data-end=\"892\">\n<p data-start=\"847\" data-end=\"892\">\u201eKonstantnost objekta \u2013 stabilizator psihe\u201c<\/p>\n<\/li>\n<li data-start=\"893\" data-end=\"931\">\n<p data-start=\"895\" data-end=\"931\">\u201eNeutralizacija \u2013 regulator psihe\u201c<\/p>\n<\/li>\n<li data-start=\"932\" data-end=\"971\">\n<p data-start=\"934\" data-end=\"971\">\u201eMentalizacija \u2013 artikulator psihe\u201c<\/p>\n<\/li>\n<li data-start=\"972\" data-end=\"1024\">\n<p data-start=\"974\" data-end=\"1024\">\u201eTolerancija ambivalencije \u2013 orijentacija psihe\u201c<\/p>\n<\/li>\n<li data-start=\"1025\" data-end=\"1071\">\n<p data-start=\"1027\" data-end=\"1071\">\u201eTolerancija frustracije \u2013 imunitet psihe\u201c<\/p>\n<\/li>\n<li data-start=\"1072\" data-end=\"1099\">\n<p data-start=\"1074\" data-end=\"1099\">\u201eVolja \u2013 motor psihe\u201c i<\/p>\n<\/li>\n<li data-start=\"1100\" data-end=\"1135\">\n<p data-start=\"1102\" data-end=\"1135\">\u201eInicijativa \u2013 pokreta\u010d psihe\u201c.<\/p>\n<\/li>\n<\/ul>\n<p data-start=\"1137\" data-end=\"1553\">Dalje se obra\u0111uju njihove razvojne faze, razvojni zastoji, na\u010dini na koje se kasnije ispoljavaju kroz pona\u0161anje odraslih i kako se mogu razvijati kroz psihoterapiju. Autor nam pokazuje kako da koristimo tehnike iz razli\u010ditih psihoterapijskih \u0161kola u razvoju ovih osnovnih emocionalnih kompetencija i daje nam \u201etaksonomiju psihoterapijskih ciljeva\u201c kao jasnu strukturu za upotrebu razli\u010ditih psihoterapijskih alata.<\/p>","protected":false},"excerpt":{"rendered":"<p>Autor: Neboj\u0161a Jovanovi\u0107, Broj strana: 391<\/p>","protected":false},"featured_media":2133,"template":"","meta":{"_acf_changed":false},"product_brand":[],"product_cat":[53],"product_tag":[],"class_list":{"0":"post-1828","1":"product","2":"type-product","3":"status-publish","4":"has-post-thumbnail","6":"product_cat-uncategorized","8":"first","9":"instock","10":"sale","11":"shipping-taxable","12":"purchasable","13":"product-type-simple"},"acf":[],"_links":{"self":[{"href":"https:\/\/olicentar.rs\/sr\/wp-json\/wp\/v2\/product\/1828","targetHints":{"allow":["GET"]}}],"collection":[{"href":"https:\/\/olicentar.rs\/sr\/wp-json\/wp\/v2\/product"}],"about":[{"href":"https:\/\/olicentar.rs\/sr\/wp-json\/wp\/v2\/types\/product"}],"wp:featuredmedia":[{"embeddable":true,"href":"https:\/\/olicentar.rs\/sr\/wp-json\/wp\/v2\/media\/2133"}],"wp:attachment":[{"href":"https:\/\/olicentar.rs\/sr\/wp-json\/wp\/v2\/media?parent=1828"}],"wp:term":[{"taxonomy":"product_brand","embeddable":true,"href":"https:\/\/olicentar.rs\/sr\/wp-json\/wp\/v2\/product_brand?post=1828"},{"taxonomy":"product_cat","embeddable":true,"href":"https:\/\/olicentar.rs\/sr\/wp-json\/wp\/v2\/product_cat?post=1828"},{"taxonomy":"product_tag","embeddable":true,"href":"https:\/\/olicentar.rs\/sr\/wp-json\/wp\/v2\/product_tag?post=1828"}],"curies":[{"name":"wp","href":"https:\/\/api.w.org\/{rel}","templated":true}]}}