{"id":1673,"date":"2025-02-19T08:36:06","date_gmt":"2025-02-19T07:36:06","guid":{"rendered":"https:\/\/olicentar.rs\/?post_type=product&#038;p=1673"},"modified":"2025-02-19T09:09:29","modified_gmt":"2025-02-19T08:09:29","slug":"biti-jedno","status":"publish","type":"product","link":"https:\/\/olicentar.rs\/en\/product\/biti-jedno\/","title":{"rendered":"Biti jedno"},"content":{"rendered":"<p>Prema recenziji akademika NikoleMilo\u0161evi\u0107a, ovaj roman je vi\u0161eslojno delo: \u201eIskora\u010duju\u0107i iz oblasti psihoterapije u oblast filozofske antropologije, Jovanovi\u0107 je privilegovao stanovi\u0161te svog glavnog junaka i tako i kao autor stao iza tog stanovi\u0161ta na kome je vidljiv trag lektire ne samo Dostojevskog nego i takvih tuma\u010da ovog velikog pisca kakav je bio Nikolaj Ber\u00f1ajev\u2026\u201c<\/p>\n<p>Romansirana psihoanaliza; knjiga koju su brojni \u010ditaoci pro\u010ditali vi\u0161e puta; za\u0161to?<\/p>\n<p>Mo\u017eda se odgovor krije u nekim re\u010denicama iz pisama ovih \u010ditalaca: \u201eNavodi me da razmi\u0161ljam o sebi. Kao da sam je ja pisao. Kao da je pisac \u010duo moje skrivene misli i zapisao ih\u2026\u201c ili \u201eMogu u potpunosti da se identifikujem sa likovima, da prepoznam sebe u njima. Otkriva mi nove na\u010dine za upoznavanje sebe\u2026\u201c<\/p>\n","protected":false},"excerpt":{"rendered":"<p>Prema recenziji akademika NikoleMilo\u0161evi\u0107a, ovaj roman je vi\u0161eslojno delo: \u201eIskora\u010duju\u0107i iz oblasti psihoterapije u oblast filozofske antropologije, Jovanovi\u0107 je privilegovao [&hellip;]<\/p>\n","protected":false},"featured_media":1674,"template":"","meta":{"_acf_changed":false},"product_brand":[],"product_cat":[53],"product_tag":[],"class_list":{"0":"post-1673","1":"product","2":"type-product","3":"status-publish","4":"has-post-thumbnail","6":"product_cat-uncategorized","8":"first","9":"instock","10":"sale","11":"shipping-taxable","12":"purchasable","13":"product-type-simple"},"acf":[],"_links":{"self":[{"href":"https:\/\/olicentar.rs\/en\/wp-json\/wp\/v2\/product\/1673","targetHints":{"allow":["GET"]}}],"collection":[{"href":"https:\/\/olicentar.rs\/en\/wp-json\/wp\/v2\/product"}],"about":[{"href":"https:\/\/olicentar.rs\/en\/wp-json\/wp\/v2\/types\/product"}],"wp:featuredmedia":[{"embeddable":true,"href":"https:\/\/olicentar.rs\/en\/wp-json\/wp\/v2\/media\/1674"}],"wp:attachment":[{"href":"https:\/\/olicentar.rs\/en\/wp-json\/wp\/v2\/media?parent=1673"}],"wp:term":[{"taxonomy":"product_brand","embeddable":true,"href":"https:\/\/olicentar.rs\/en\/wp-json\/wp\/v2\/product_brand?post=1673"},{"taxonomy":"product_cat","embeddable":true,"href":"https:\/\/olicentar.rs\/en\/wp-json\/wp\/v2\/product_cat?post=1673"},{"taxonomy":"product_tag","embeddable":true,"href":"https:\/\/olicentar.rs\/en\/wp-json\/wp\/v2\/product_tag?post=1673"}],"curies":[{"name":"wp","href":"https:\/\/api.w.org\/{rel}","templated":true}]}}