{"id":1102,"date":"2022-11-30T13:25:17","date_gmt":"2022-11-30T13:25:17","guid":{"rendered":"https:\/\/olicentar.rs\/?post_type=product&#038;p=1102"},"modified":"2025-02-16T00:24:44","modified_gmt":"2025-02-15T23:24:44","slug":"ziveti-li-zivotariti","status":"publish","type":"product","link":"https:\/\/olicentar.rs\/en\/product\/ziveti-li-zivotariti\/","title":{"rendered":"\u017diveti li \u017eivotariti"},"content":{"rendered":"<p>\u017divimo u zavodni\u010dkoj civilizaciji. \u201cZavo\u0111enje je kori\u0161\u0107enje la\u017ei, la\u017eno predstavljanje, ili, u bilo kom obliku,davanje la\u017enih obe\u0107anja drugoj osobi (ili osobama), da bi se ona navela da pomisli, ose\u0107a, ili u\u010dini ne\u0161to, \u0161to ina\u010de ne bi.\u201d (definicija iz re\u010dnika). Na\u0161a civilizacija je \u201ctr\u017ei\u0161no orijentisana\u201d , orijentisana ka je stvaranju robe od svega, jer samo roba, masovni proizvod, ono je \u0161to donosi veliki profit. Zato civilizacija i od nas poku\u0161ava da napravi robu, da tipizira na\u0161e potrebe, \u017eelje, ciljeve\u2026A da bi to mogla, potrebno je da nam proda \u201cimid\u017ee\u201d la\u017ene predstave o tome \u0161ta je uspeh i kako se do njega dolazi koje se uklapaju u tr\u017ei\u0161nu orijentaciju \u017eivota. Tr\u017ei\u0161tu su potrebni mediokriteti, uprose\u010dene, tipizirane individue koje \u0107e \u017eeleti ono \u0161to tr\u017ei\u0161te nudi i raditi da bi tro\u0161ile na ono \u0161to tr\u017ei\u0161te nudi. Nau\u010dite \u0161to vi\u0161e o prirodi \u010doveka i njegovim su\u0161tinskim potrebama, o svojim potrebama, o na\u010dinima na koje se sti\u010de samospoznaja, zadovoljstvo, uspeh u \u017eivotu. Budite otvoreni za to da nova znanja menjaju va\u0161a<\/p>\n<p>uverenja, va\u0161e paradigme.<\/p>\n<p>Imate li i vi neka uverenja o \u017eivotu, odnosima sa ljudima, ljubavi, na\u010dinu kako se uspeva u \u017eivotu\u2026koja ne dovode do uspeha?(ne dovodi do uspeha zna\u010di da niste zadovoljni) Ako niste uspe\u0161ni u nekoj oblasti, sigurno ih imate i to vezana ba\u0161 za tu oblast.<\/p>\n<p>Jedini stvarni kriterijum uspeha u nekoj oblasti \u017eivota su va\u0161a ose\u0107anja, da li ste zadovoljni, ispunjeni. Ako vam spolja\u0161nji kriterijumi ka\u017eu da ste uspe\u0161ni, a vi ste nezadovoljni, negde ste \u201eproma\u0161ili temu\u201c.<\/p>\n<p>Iz knjige \u201e\u017diveti ili \u017divotariti-Psihologija uspeha\u201c.<\/p>\n<p>Izdava\u010d: Beoknjiga<\/p>\n","protected":false},"excerpt":{"rendered":"<p>Autori: Neboj\u0161a Jovanovi\u0107, Tatjana Firevski Jovanovi\u0107<\/p>\n","protected":false},"featured_media":1103,"template":"","meta":{"_acf_changed":false},"product_brand":[],"product_cat":[53],"product_tag":[],"class_list":{"0":"post-1102","1":"product","2":"type-product","3":"status-publish","4":"has-post-thumbnail","6":"product_cat-uncategorized","8":"first","9":"instock","10":"sale","11":"shipping-taxable","12":"purchasable","13":"product-type-simple"},"acf":[],"_links":{"self":[{"href":"https:\/\/olicentar.rs\/en\/wp-json\/wp\/v2\/product\/1102","targetHints":{"allow":["GET"]}}],"collection":[{"href":"https:\/\/olicentar.rs\/en\/wp-json\/wp\/v2\/product"}],"about":[{"href":"https:\/\/olicentar.rs\/en\/wp-json\/wp\/v2\/types\/product"}],"wp:featuredmedia":[{"embeddable":true,"href":"https:\/\/olicentar.rs\/en\/wp-json\/wp\/v2\/media\/1103"}],"wp:attachment":[{"href":"https:\/\/olicentar.rs\/en\/wp-json\/wp\/v2\/media?parent=1102"}],"wp:term":[{"taxonomy":"product_brand","embeddable":true,"href":"https:\/\/olicentar.rs\/en\/wp-json\/wp\/v2\/product_brand?post=1102"},{"taxonomy":"product_cat","embeddable":true,"href":"https:\/\/olicentar.rs\/en\/wp-json\/wp\/v2\/product_cat?post=1102"},{"taxonomy":"product_tag","embeddable":true,"href":"https:\/\/olicentar.rs\/en\/wp-json\/wp\/v2\/product_tag?post=1102"}],"curies":[{"name":"wp","href":"https:\/\/api.w.org\/{rel}","templated":true}]}}