{"id":2091,"date":"2026-03-03T15:12:20","date_gmt":"2026-03-03T14:12:20","guid":{"rendered":"https:\/\/olicentar.rs\/?post_type=product&#038;p=2091"},"modified":"2026-03-06T17:51:50","modified_gmt":"2026-03-06T16:51:50","slug":"psihoanaliza-i-psihoterapija-kao-vaspitanje","status":"publish","type":"product","link":"http:\/\/olicentar.rs\/sr\/\u043f\u0440\u043e\u0438\u0437\u0432\u043e\u0434\/psihoanaliza-i-psihoterapija-kao-vaspitanje\/","title":{"rendered":"Psihoanaliza i psihoterapija kao vaspitanje"},"content":{"rendered":"<p class=\"cvGsUA align-center para-style-body direction-ltr\"><span class=\"a_GcMg font-feature-liga-off font-feature-clig-off font-feature-calt-off text-decoration-none text-strikethrough-none\">Obimno delo, zasnovano na klasi\u010dnoj psihoanaliti\u010dkoj literaturi i dugogodi\u0161njem klini\u010dkom iskustvu autora, namenjeno je psiholozima, psihoterapeutima, studentima i svima koji \u017eele dublje razumevanje psihoterapije kao procesa li\u010dnog sazrevanja.<\/span><\/p>\n<p class=\"cvGsUA align-center para-style-body direction-ltr\"><span class=\"a_GcMg font-feature-liga-off font-feature-clig-off font-feature-calt-off text-decoration-none text-strikethrough-none\">Ova knjiga predstavlja vi\u0161edecenijski teorijski i klini\u010dki rad autora na razumevanju su\u0161tine psihoterapijskog procesa. Polaze\u0107i od Frojdove ideje da je psihoanaliza \u201evaspitanje ka istinoljubivosti prema sebi\u201c, knjiga sistematski razra\u0111uje tezu da psihoanaliza i psihoanaliti\u010dka psihoterapija nisu metod le\u010denja, ve\u0107 oblik naknadnog, korektivnog vaspitanja.<\/span><\/p>\n<p class=\"cvGsUA direction-ltr align-center para-style-body\"><span class=\"a_GcMg font-feature-liga-off font-feature-clig-off font-feature-calt-off text-decoration-none text-strikethrough-none\">Autor analizira psihoanaliti\u010dki metod kroz prizmu autonomije i istine kao temeljnih vrednosti, razmatra odnos moralnog i intelektualnog vaspitanja, ulogu transfera, otpora, radnog saveza i tehni\u010dke neutralnosti, kao i eti\u010dke implikacije analiti\u010dke situacije. Posebna pa\u017enja posve\u0107ena je pitanju slobode (individualne i dru\u0161tvene) i granicama terapijske promene u okviru realnih \u017eivotnih uslova.<\/span><\/p>\n<p class=\"cvGsUA direction-ltr align-center para-style-body\"><span class=\"a_GcMg font-feature-liga-off font-feature-clig-off font-feature-calt-off text-decoration-none text-strikethrough-none\">Knjiga nudi dubinsko teorijsko promi\u0161ljanje psihoanalize kao obrazovnog procesa koji vodi ka ve\u0107oj svesnosti, odgovornosti i autonomiji li\u010dnosti. Istovremeno, ona otvara dijalog sa savremenim dilemama o prirodi psihoterapije i njenom mestu izme\u0111u medicine, pedagogije i etike.<br \/>\n<\/span><\/p>\n<h3 class=\"cvGsUA direction-ltr align-center para-style-body\"><span class=\"a_GcMg font-feature-liga-off font-feature-clig-off font-feature-calt-off text-decoration-none text-strikethrough-none\"><br \/>\nIz recenzije:<\/span><\/h3>\n<p>\"U vreme svoje pionirske pro\u0161losti, kada je psihoanaliza postavljala svoje temelje, njen tvorac je uporno ukazivao da se ona nikako ne treba ograni\u010diti na poziciju jednog od mno\u0161tva psihoterapijskih modaliteta, mada svakako uz zaslu\u017eenu primus inter pares poziciju. Skoro jedan vek kasnije, mogu\u0107e je i potrebno oceniti ovakvu Frojdovu postavku i njegovo direktno upozorenje. Da li je njegova psihoanaliza, danas istovremeno i osporavana i visoko vrednovana, zaboravila, otcepila ili potisnula neke od svojih izvornih vrednosti i sama sebe ograni\u010dila jedino na zametan posao neizvesnog ishoda \u2013 \u201eurazumljivanja ludoga\u201c? \u0160ta je sa psihoanalizom koja nalazi da istina osloba\u0111a, u postmodernom vremenu u kome istina biva dekomponovana kao su\u0161tinska vrednost? Koliko je zaboravljeno gledanje na psihoanalizu kao moralno vaspitanje?<\/p>\n<p>Autor, Neboj\u0161a Jovanovi\u0107, koji je svoj radni vek posvetio smelim traganjima za ovakvim i sli\u010dnim pitanjima, u ovoj knjizi daje svoje odgovore na ova, i sa njima obilje drugih povezanih problema. Sti\u010de se utisak da je imao potrebu da \u010ditaoca navede na sopstvena razmi\u0161ljanja, da provocira njegove odgovore, slaganja ili neslaganja, nego da sam insistira na zaokru\u017eenim odgovorima. U tom smislu, knjiga se dragoceno postavlja kao zna\u010dajan medijator u jednom, po nama su\u0161tinski zna\u010dajnom \u2013 a danas veoma o\u0161te\u0107enom i zanemarenom \u2013 dijalogu; dijalogu izme\u0111u psihoanaliti\u010dke pro\u0161losti, njene sada\u0161njosti i budu\u0107nosti, odnosa njenih autenti\u010dnih vrednosti sa vrednostima prisutnim u svetu u kome danas \u017eivimo.<\/p>\n<p>Ovo nam tim pre deluje su\u0161tinski va\u017enim upravo u postmodernom vremenu zalaska kulture narcizma, u kome je dijalog izme\u0111u \u010doveka i Drugoga, izme\u0111u njegovog nesvesnog i svesnog, njegove individualne formativne pro\u0161losti, sada\u0161njosti i nikad neizvesnije budu\u0107nosti, njegovog realnog i sve dominantnijih virtuelnih svetova, prete\u0107e iskidan\"<\/p>\n<p>Aleksandar Konti\u0107, psiholog i psihoanaliti\u010dar<\/p>","protected":false},"excerpt":{"rendered":"<p style=\"text-align: left;\">Autor: Neboj\u0161a Jovanovi\u0107, Broj strana: 455<\/p>\n<blockquote>\n<p style=\"text-align: left;\">\n<\/blockquote>","protected":false},"featured_media":2092,"template":"","meta":{"_acf_changed":false},"product_brand":[],"product_cat":[53],"product_tag":[],"class_list":{"0":"post-2091","1":"product","2":"type-product","3":"status-publish","4":"has-post-thumbnail","6":"product_cat-uncategorized","8":"first","9":"instock","10":"sale","11":"shipping-taxable","12":"purchasable","13":"product-type-simple"},"acf":[],"_links":{"self":[{"href":"http:\/\/olicentar.rs\/sr\/wp-json\/wp\/v2\/product\/2091","targetHints":{"allow":["GET"]}}],"collection":[{"href":"http:\/\/olicentar.rs\/sr\/wp-json\/wp\/v2\/product"}],"about":[{"href":"http:\/\/olicentar.rs\/sr\/wp-json\/wp\/v2\/types\/product"}],"wp:featuredmedia":[{"embeddable":true,"href":"http:\/\/olicentar.rs\/sr\/wp-json\/wp\/v2\/media\/2092"}],"wp:attachment":[{"href":"http:\/\/olicentar.rs\/sr\/wp-json\/wp\/v2\/media?parent=2091"}],"wp:term":[{"taxonomy":"product_brand","embeddable":true,"href":"http:\/\/olicentar.rs\/sr\/wp-json\/wp\/v2\/product_brand?post=2091"},{"taxonomy":"product_cat","embeddable":true,"href":"http:\/\/olicentar.rs\/sr\/wp-json\/wp\/v2\/product_cat?post=2091"},{"taxonomy":"product_tag","embeddable":true,"href":"http:\/\/olicentar.rs\/sr\/wp-json\/wp\/v2\/product_tag?post=2091"}],"curies":[{"name":"wp","href":"https:\/\/api.w.org\/{rel}","templated":true}]}}